{"id":91,"date":"2023-06-15T20:09:24","date_gmt":"2023-06-15T20:09:24","guid":{"rendered":"https:\/\/www.lieblingseiscafe.com\/?page_id=91"},"modified":"2023-06-16T11:05:36","modified_gmt":"2023-06-16T11:05:36","slug":"jobs","status":"publish","type":"page","link":"https:\/\/www.lieblingseiscafe.com\/?page_id=91","title":{"rendered":"Jobs"},"content":{"rendered":"\n<p><strong>Servicekr\u00e4fte gesucht!<\/strong><\/p>\n\n\n\n<p>Wir suchen immer wieder freundliche und motivierte Service-Mitarbeiter\/innen, die unser Team im Eiscaf\u00e9 unterst\u00fctzen m\u00f6chten. Wenn du eine Leidenschaft f\u00fcr herausragenden Kundenservice hast und gerne in einer angenehmen Atmosph\u00e4re arbeitest, dann k\u00f6nnte diese Stelle perfekt f\u00fcr dich sein!<\/p>\n\n\n\n<p>Was Deine Aufgaben sind:<\/p>\n\n\n\n<ul class=\"wp-block-list\">\n<li>Bedienung unserer gesch\u00e4tzten G\u00e4ste<\/li>\n\n\n\n<li>Annahme von Bestellungen und fachgerechte Zubereitung von Eisspezialit\u00e4ten<\/li>\n\n\n\n<li>Kassieren und korrekte Abrechnung<\/li>\n\n\n\n<li>Gew\u00e4hrleistung einer sauberen und hygienischen Arbeitsumgebung<\/li>\n<\/ul>\n\n\n\n<p>Was Du mitbringst:<\/p>\n\n\n\n<ul class=\"wp-block-list\">\n<li>Erfahrung im Servicebereich (vorzugsweise in der Gastronomie)<\/li>\n\n\n\n<li>Freundliches Auftreten und ausgezeichnete Kommunikationsf\u00e4higkeiten<\/li>\n\n\n\n<li>Teamgeist und Flexibilit\u00e4t<\/li>\n\n\n\n<li>Belastbarkeit, auch in hektischen Situationen<\/li>\n\n\n\n<li>Begeisterung f\u00fcr Eis und Freude am Umgang mit Menschen<\/li>\n<\/ul>\n\n\n\n<p>Was wir Dir bieten:<\/p>\n\n\n\n<ul class=\"wp-block-list\">\n<li>Einen angenehmen Arbeitsplatz in Herzen von Winterbach<\/li>\n\n\n\n<li>Faire Verg\u00fctung und flexible Arbeitszeiten<\/li>\n<\/ul>\n\n\n\n<p>Schick gerne eine Email an lieblingseiscafe@gmail.com oder komm einfach vorbei! <\/p>\n\n\n\n<p>Wir freuen uns darauf, dich kennenzulernen und gemeinsam ein unvergessliches Eiscaf\u00e9-Erlebnis f\u00fcr unsere G\u00e4ste zu schaffen!<\/p>\n","protected":false},"excerpt":{"rendered":"<p>Servicekr\u00e4fte gesucht! Wir suchen immer wieder freundliche und motivierte Service-Mitarbeiter\/innen, die unser Team im Eiscaf\u00e9 unterst\u00fctzen m\u00f6chten. Wenn du eine Leidenschaft f\u00fcr herausragenden Kundenservice hast und gerne in einer angenehmen Atmosph\u00e4re arbeitest, dann k\u00f6nnte diese Stelle perfekt f\u00fcr dich sein! Was Deine Aufgaben sind: Was Du mitbringst: Was wir Dir bieten: Schick gerne eine Email &hellip; <\/p>\n<p class=\"link-more\"><a href=\"https:\/\/www.lieblingseiscafe.com\/?page_id=91\" class=\"more-link\"><span class=\"screen-reader-text\">\u201eJobs\u201c<\/span> weiterlesen<\/a><\/p>\n","protected":false},"author":2,"featured_media":0,"parent":0,"menu_order":0,"comment_status":"closed","ping_status":"closed","template":"","meta":{"footnotes":""},"class_list":["post-91","page","type-page","status-publish","hentry"],"_links":{"self":[{"href":"https:\/\/www.lieblingseiscafe.com\/index.php?rest_route=\/wp\/v2\/pages\/91","targetHints":{"allow":["GET"]}}],"collection":[{"href":"https:\/\/www.lieblingseiscafe.com\/index.php?rest_route=\/wp\/v2\/pages"}],"about":[{"href":"https:\/\/www.lieblingseiscafe.com\/index.php?rest_route=\/wp\/v2\/types\/page"}],"author":[{"embeddable":true,"href":"https:\/\/www.lieblingseiscafe.com\/index.php?rest_route=\/wp\/v2\/users\/2"}],"replies":[{"embeddable":true,"href":"https:\/\/www.lieblingseiscafe.com\/index.php?rest_route=%2Fwp%2Fv2%2Fcomments&post=91"}],"version-history":[{"count":2,"href":"https:\/\/www.lieblingseiscafe.com\/index.php?rest_route=\/wp\/v2\/pages\/91\/revisions"}],"predecessor-version":[{"id":111,"href":"https:\/\/www.lieblingseiscafe.com\/index.php?rest_route=\/wp\/v2\/pages\/91\/revisions\/111"}],"wp:attachment":[{"href":"https:\/\/www.lieblingseiscafe.com\/index.php?rest_route=%2Fwp%2Fv2%2Fmedia&parent=91"}],"curies":[{"name":"wp","href":"https:\/\/api.w.org\/{rel}","templated":true}]}}